{"id":75,"date":"2025-08-12T15:05:57","date_gmt":"2025-08-12T13:05:57","guid":{"rendered":"https:\/\/gamersi.dkonto.pl\/?page_id=75"},"modified":"2025-08-27T10:32:40","modified_gmt":"2025-08-27T08:32:40","slug":"lista-gier","status":"publish","type":"page","link":"https:\/\/gamersi.wedrowanie.org.pl\/index.php\/lista-gier\/","title":{"rendered":"Lista gier"},"content":{"rendered":"<style>.kb-row-layout-id75_e85d95-c1 > .kt-row-column-wrap{align-content:center;}:where(.kb-row-layout-id75_e85d95-c1 > .kt-row-column-wrap) > .wp-block-kadence-column{justify-content:center;}.kb-row-layout-id75_e85d95-c1 > .kt-row-column-wrap{column-gap:var(--global-kb-gap-md, 2rem);row-gap:var(--global-kb-gap-md, 2rem);max-width:var( --global-content-width, 1290px );padding-left:var(--global-content-edge-padding);padding-right:var(--global-content-edge-padding);padding-top:var(--global-kb-spacing-5xl, 10rem);padding-bottom:var(--global-kb-spacing-5xl, 10rem);min-height:670px;grid-template-columns:minmax(0, 1fr);}.kb-row-layout-id75_e85d95-c1{background-image:url('http:\/\/gamersi.dkonto.pl\/wp-content\/uploads\/2025\/08\/cropped-gry-na-polce-1.webp');background-size:cover;background-position:center center;background-attachment:scroll;background-repeat:no-repeat;}.kb-row-layout-id75_e85d95-c1 > .kt-row-layout-overlay{opacity:0.86;background:linear-gradient(278deg,var(--global-palette8,#F7FAFC) 36%,rgba(247,250,252,0) 100%);}@media all and (max-width: 1024px){.kb-row-layout-id75_e85d95-c1 > .kt-row-column-wrap{padding-top:var(--global-kb-spacing-3xl, 6.5rem);padding-bottom:var(--global-kb-spacing-3xl, 6.5rem);min-height:600px;grid-template-columns:minmax(0, 1fr);}}@media all and (max-width: 1024px){.kb-row-layout-id75_e85d95-c1 > .kt-row-layout-overlay{opacity:0.90;background:linear-gradient(180deg,var(--global-palette8,#F7FAFC) 53%,rgba(247,250,252,0) 100%);}}@media all and (max-width: 767px){.kb-row-layout-id75_e85d95-c1 > .kt-row-column-wrap{padding-top:var(--global-kb-spacing-lg, 3rem);padding-bottom:var(--global-kb-spacing-lg, 3rem);grid-template-columns:minmax(0, 1fr);}.kb-row-layout-id75_e85d95-c1 > .kt-row-layout-overlay{opacity:0.90;background:linear-gradient(180deg,var(--global-palette8,#F7FAFC) 61%,rgba(247,250,252,0) 100%);}}<\/style><div class=\"kb-row-layout-wrap kb-row-layout-id75_e85d95-c1 alignfull kt-row-has-bg wp-block-kadence-rowlayout\"><div class=\"kt-row-layout-overlay kt-row-overlay-gradient\"><\/div><div class=\"kt-row-column-wrap kt-has-1-columns kt-row-layout-equal kt-tab-layout-inherit kt-mobile-layout-row kt-row-valign-middle kb-theme-content-width\">\n<style>.kadence-column75_dcfa7e-e5 > .kt-inside-inner-col,.kadence-column75_dcfa7e-e5 > .kt-inside-inner-col:before{border-top-left-radius:0px;border-top-right-radius:0px;border-bottom-right-radius:0px;border-bottom-left-radius:0px;}.kadence-column75_dcfa7e-e5 > .kt-inside-inner-col{column-gap:var(--global-kb-gap-sm, 1rem);}.kadence-column75_dcfa7e-e5 > .kt-inside-inner-col{flex-direction:column;}.kadence-column75_dcfa7e-e5 > .kt-inside-inner-col > .aligncenter{width:100%;}.kadence-column75_dcfa7e-e5 > .kt-inside-inner-col:before{opacity:0.3;}.kadence-column75_dcfa7e-e5{position:relative;}@media all and (max-width: 1024px){.kadence-column75_dcfa7e-e5{text-align:center;}}@media all and (max-width: 1024px){.kadence-column75_dcfa7e-e5 > .kt-inside-inner-col{flex-direction:column;justify-content:center;}}@media all and (max-width: 767px){.kadence-column75_dcfa7e-e5 > .kt-inside-inner-col{flex-direction:column;justify-content:center;}}<\/style>\n<div class=\"wp-block-kadence-column kadence-column75_dcfa7e-e5 kb-section-dir-vertical inner-column-1\"><div class=\"kt-inside-inner-col\"><style>.wp-block-kadence-advancedheading.kt-adv-heading75_51b66a-8b, .wp-block-kadence-advancedheading.kt-adv-heading75_51b66a-8b[data-kb-block=\"kb-adv-heading75_51b66a-8b\"]{margin-bottom:var(--global-kb-spacing-lg, 3rem);text-align:right;font-size:var(--global-kb-font-size-xl, 3rem);line-height:1.2;font-style:normal;color:#545454;}.wp-block-kadence-advancedheading.kt-adv-heading75_51b66a-8b mark.kt-highlight, .wp-block-kadence-advancedheading.kt-adv-heading75_51b66a-8b[data-kb-block=\"kb-adv-heading75_51b66a-8b\"] mark.kt-highlight{font-style:normal;color:#f76a0c;-webkit-box-decoration-break:clone;box-decoration-break:clone;padding-top:0px;padding-right:0px;padding-bottom:0px;padding-left:0px;}.wp-block-kadence-advancedheading.kt-adv-heading75_51b66a-8b img.kb-inline-image, .wp-block-kadence-advancedheading.kt-adv-heading75_51b66a-8b[data-kb-block=\"kb-adv-heading75_51b66a-8b\"] img.kb-inline-image{width:150px;vertical-align:baseline;}@media all and (max-width: 1024px){.wp-block-kadence-advancedheading.kt-adv-heading75_51b66a-8b, .wp-block-kadence-advancedheading.kt-adv-heading75_51b66a-8b[data-kb-block=\"kb-adv-heading75_51b66a-8b\"]{text-align:center!important;}}<\/style>\n<h1 class=\"kt-adv-heading75_51b66a-8b wp-block-kadence-advancedheading\" data-kb-block=\"kb-adv-heading75_51b66a-8b\">GAMERSI.PL<br>Lista gier dost\u0119pnych <br>w naszej wypo\u017cyczalni<\/h1>\n\n\n<style>.wp-block-kadence-advancedbtn.kb-btns75_9d0fd4-66{gap:var(--global-kb-gap-xs, 0.5rem );justify-content:flex-end;align-items:center;}.kt-btns75_9d0fd4-66 .kt-button{font-weight:normal;font-style:normal;}.kt-btns75_9d0fd4-66 .kt-btn-wrap-0{margin-right:5px;}.wp-block-kadence-advancedbtn.kt-btns75_9d0fd4-66 .kt-btn-wrap-0 .kt-button{color:#555555;border-color:#555555;}.wp-block-kadence-advancedbtn.kt-btns75_9d0fd4-66 .kt-btn-wrap-0 .kt-button:hover, .wp-block-kadence-advancedbtn.kt-btns75_9d0fd4-66 .kt-btn-wrap-0 .kt-button:focus{color:#ffffff;border-color:#444444;}.wp-block-kadence-advancedbtn.kt-btns75_9d0fd4-66 .kt-btn-wrap-0 .kt-button::before{display:none;}.wp-block-kadence-advancedbtn.kt-btns75_9d0fd4-66 .kt-btn-wrap-0 .kt-button:hover, .wp-block-kadence-advancedbtn.kt-btns75_9d0fd4-66 .kt-btn-wrap-0 .kt-button:focus{background:#444444;}<\/style>\n<div class=\"wp-block-kadence-advancedbtn kb-buttons-wrap kb-btns75_9d0fd4-66\"><style>ul.menu .wp-block-kadence-advancedbtn .kb-btn75_eb3cbf-20.kb-button{width:initial;}<\/style><a class=\"kb-button kt-button button kb-btn75_eb3cbf-20 kt-btn-size-standard kt-btn-width-type-auto kb-btn-global-fill  kt-btn-has-text-true kt-btn-has-svg-true  wp-block-kadence-singlebtn\" href=\"https:\/\/gamersi.wedrowanie.org.pl\/index.php\/kontakt\/\"><span class=\"kt-btn-inner-text\">Skontaktuj si\u0119 z nami i zapytaj o gr\u0119 <\/span><span class=\"kb-svg-icon-wrap kb-svg-icon-fe_arrowRight kt-btn-icon-side-right\"><svg viewBox=\"0 0 24 24\"  fill=\"none\" stroke=\"currentColor\" stroke-width=\"2\" stroke-linecap=\"round\" stroke-linejoin=\"round\" xmlns=\"http:\/\/www.w3.org\/2000\/svg\"  aria-hidden=\"true\"><line x1=\"5\" y1=\"12\" x2=\"19\" y2=\"12\"\/><polyline points=\"12 5 19 12 12 19\"\/><\/svg><\/span><\/a><\/div>\n<\/div><\/div>\n\n<\/div><\/div>\n\n<style>.wp-block-kadence-advancedheading.kt-adv-heading75_0d5060-ed, .wp-block-kadence-advancedheading.kt-adv-heading75_0d5060-ed[data-kb-block=\"kb-adv-heading75_0d5060-ed\"]{text-align:center;font-style:normal;}.wp-block-kadence-advancedheading.kt-adv-heading75_0d5060-ed mark.kt-highlight, .wp-block-kadence-advancedheading.kt-adv-heading75_0d5060-ed[data-kb-block=\"kb-adv-heading75_0d5060-ed\"] mark.kt-highlight{font-style:normal;color:#f76a0c;-webkit-box-decoration-break:clone;box-decoration-break:clone;padding-top:0px;padding-right:0px;padding-bottom:0px;padding-left:0px;}.wp-block-kadence-advancedheading.kt-adv-heading75_0d5060-ed img.kb-inline-image, .wp-block-kadence-advancedheading.kt-adv-heading75_0d5060-ed[data-kb-block=\"kb-adv-heading75_0d5060-ed\"] img.kb-inline-image{width:150px;vertical-align:baseline;}<\/style>\n<h2 class=\"kt-adv-heading75_0d5060-ed wp-block-kadence-advancedheading\" data-kb-block=\"kb-adv-heading75_0d5060-ed\">Lista gier planszowych<\/h2>\n\n\n<style>.kb-row-layout-id75_42f74a-98 > .kt-row-column-wrap{align-content:start;}:where(.kb-row-layout-id75_42f74a-98 > .kt-row-column-wrap) > .wp-block-kadence-column{justify-content:start;}.kb-row-layout-id75_42f74a-98 > .kt-row-column-wrap{column-gap:var(--global-kb-gap-none, 0rem );row-gap:var(--global-kb-gap-md, 2rem);max-width:var( --global-content-width, 1290px );padding-left:var(--global-content-edge-padding);padding-right:var(--global-content-edge-padding);padding-top:var(--global-kb-spacing-lg, 3rem);padding-bottom:var(--global-kb-spacing-xxl, 5rem);grid-template-columns:repeat(2, minmax(0, 1fr));}.kb-row-layout-id75_42f74a-98 > .kt-row-layout-overlay{opacity:0.30;}@media all and (max-width: 1024px){.kb-row-layout-id75_42f74a-98 > .kt-row-column-wrap{grid-template-columns:repeat(2, minmax(0, 1fr));}}@media all and (max-width: 767px){.kb-row-layout-id75_42f74a-98 > .kt-row-column-wrap{grid-template-columns:minmax(0, 1fr);}}<\/style><div class=\"kb-row-layout-wrap kb-row-layout-id75_42f74a-98 alignfull has-theme-palette9-background-color kt-row-has-bg wp-block-kadence-rowlayout\"><div class=\"kt-row-column-wrap kt-has-2-columns kt-row-layout-equal kt-tab-layout-inherit kt-mobile-layout-row kt-row-valign-top kb-theme-content-width\">\n<style>.kadence-column75_8dee0b-2d > .kt-inside-inner-col{padding-right:var(--global-kb-spacing-md, 2rem);padding-left:var(--global-kb-spacing-md, 2rem);}.kadence-column75_8dee0b-2d > .kt-inside-inner-col,.kadence-column75_8dee0b-2d > .kt-inside-inner-col:before{border-top-left-radius:0px;border-top-right-radius:0px;border-bottom-right-radius:0px;border-bottom-left-radius:0px;}.kadence-column75_8dee0b-2d > .kt-inside-inner-col{column-gap:var(--global-kb-gap-sm, 1rem);}.kadence-column75_8dee0b-2d > .kt-inside-inner-col{flex-direction:column;}.kadence-column75_8dee0b-2d > .kt-inside-inner-col > .aligncenter{width:100%;}.kadence-column75_8dee0b-2d > .kt-inside-inner-col:before{opacity:0.3;}.kadence-column75_8dee0b-2d{position:relative;}@media all and (max-width: 1024px){.kadence-column75_8dee0b-2d > .kt-inside-inner-col{flex-direction:column;justify-content:center;}}@media all and (max-width: 767px){.kadence-column75_8dee0b-2d > .kt-inside-inner-col{flex-direction:column;justify-content:center;}}<\/style>\n<div class=\"wp-block-kadence-column kadence-column75_8dee0b-2d inner-column-3\"><div class=\"kt-inside-inner-col\">\n<ul class=\"wp-block-list\">\n<li>24 godziny<\/li>\n\n\n\n<li>5 sekund<\/li>\n\n\n\n<li>7 Cud\u00f3w \u015awiata REBEL<\/li>\n\n\n\n<li>7 Cud\u00f3w \u015awiata: Pojedynek REBEL<\/li>\n\n\n\n<li>Amazonki<\/li>\n\n\n\n<li>Anio\u0142 \u015amierci GALAKTA<\/li>\n\n\n\n<li>Ashes: Odrodzenie z popio\u0142\u00f3w CUBE<\/li>\n\n\n\n<li>Bang!<\/li>\n\n\n\n<li>Black Mirror: Nosedive<\/li>\n\n\n\n<li>Boss Monster MUDUKO<\/li>\n\n\n\n<li>Carcassonne<\/li>\n\n\n\n<li>Catan<\/li>\n\n\n\n<li>Catan: Pojedynek<\/li>\n\n\n\n<li>Century Korzenny Szlak CUBE<\/li>\n\n\n\n<li>Century Cuda Wschodu CUBE<\/li>\n\n\n\n<li>Century Nowy \u015awiat CUBE<\/li>\n\n\n\n<li>Civilization<\/li>\n\n\n\n<li>Cortex Wyzwania 2 REBEL<\/li>\n\n\n\n<li>Cyklady REBEL<\/li>\n\n\n\n<li>Czarne historie 2<\/li>\n\n\n\n<li>Dobble REBEL<\/li>\n\n\n\n<li>Decrypto PORTAL<\/li>\n\n\n\n<li>Dixit Odyssey REBEL<\/li>\n\n\n\n<li>Dom\u00f3wka TRIVIAL PURSUIT<\/li>\n\n\n\n<li>DOOM: Gra planszowa GALAKTA<\/li>\n\n\n\n<li>Ego<\/li>\n\n\n\n<li>Eksploduj\u0105ce Kotki<\/li>\n\n\n\n<li>Eurobiznes<\/li>\n\n\n\n<li>Monopoly<\/li>\n\n\n\n<li>Fantastyczne \u015bwiaty REBEL<\/li>\n\n\n\n<li>Fasolki G3<\/li>\n\n\n\n<li>Game Over<\/li>\n\n\n\n<li>Gejsze<\/li>\n\n\n\n<li>Ghost Stories Edycja 2 REBEL<\/li>\n\n\n\n<li>Gra na emocjach<\/li>\n\n\n\n<li>Grajeczka PORTAL<\/li>\n\n\n\n<li>Hero Realms: Gra karciana IUVI Games<\/li>\n\n\n\n<li>IceCool<\/li>\n\n\n\n<li>Imago<\/li>\n\n\n\n<li>Jednym s\u0142owem REBEL<\/li>\n\n\n\n<li>Jedzie poci\u0105g z daleka<\/li>\n\n\n\n<li>Jenga<\/li>\n\n\n\n<li>Jungle Speed<\/li>\n\n\n\n<li>Jungle Speed: Kids<\/li>\n\n\n\n<li>K2<\/li>\n\n\n\n<li>Kariera polityczna MDR<\/li>\n\n\n\n<li>Karty D\u017centelmen\u00f3w &#8211; Edycja Podstawowa<\/li>\n\n\n\n<li>Koncept REBEL<\/li>\n\n\n\n<li>Kowale losu REBEL<\/li>\n\n\n\n<li>Kwiatki REBEL<\/li>\n\n\n\n<li>Magia i Myszy CUBE<\/li>\n\n\n\n<li>Mandala REBEL<\/li>\n\n\n\n<li>Memy: Imprezowa gra karciana dla okropnych ludzi<\/li>\n<\/ul>\n<\/div><\/div>\n\n\n<style>.kadence-column75_3391e9-39 > .kt-inside-inner-col{padding-right:var(--global-kb-spacing-md, 2rem);padding-left:var(--global-kb-spacing-md, 2rem);}.kadence-column75_3391e9-39 > .kt-inside-inner-col,.kadence-column75_3391e9-39 > .kt-inside-inner-col:before{border-top-left-radius:0px;border-top-right-radius:0px;border-bottom-right-radius:0px;border-bottom-left-radius:0px;}.kadence-column75_3391e9-39 > .kt-inside-inner-col{column-gap:var(--global-kb-gap-sm, 1rem);}.kadence-column75_3391e9-39 > .kt-inside-inner-col{flex-direction:column;}.kadence-column75_3391e9-39 > .kt-inside-inner-col > .aligncenter{width:100%;}.kadence-column75_3391e9-39 > .kt-inside-inner-col:before{opacity:0.3;}.kadence-column75_3391e9-39{position:relative;}@media all and (max-width: 1024px){.kadence-column75_3391e9-39 > .kt-inside-inner-col{flex-direction:column;justify-content:center;}}@media all and (max-width: 767px){.kadence-column75_3391e9-39 > .kt-inside-inner-col{flex-direction:column;justify-content:center;}}<\/style>\n<div class=\"wp-block-kadence-column kadence-column75_3391e9-39 inner-column-3\"><div class=\"kt-inside-inner-col\">\n<ul class=\"wp-block-list\">\n<li>Milionerzy<\/li>\n\n\n\n<li>Minera\u0142y<\/li>\n\n\n\n<li>Miszmasz! REBEL<\/li>\n\n\n\n<li>Mroczny Zamek REBEL<\/li>\n\n\n\n<li>Na ko\u0144cu j\u0119zyka<\/li>\n\n\n\n<li>Neuroshima Hex 3.0 PORTAL<\/li>\n\n\n\n<li>Nied\u017awiedzie vs Bobasy REBEL<\/li>\n\n\n\n<li>Palce w pralce<\/li>\n\n\n\n<li>Pandemia REBEL<\/li>\n\n\n\n<li>Party Time<\/li>\n\n\n\n<li>Piraci 7 M\u00f3rz REBEL<\/li>\n\n\n\n<li>Planeta REBEL<\/li>\n\n\n\n<li>Podaj dalej!<\/li>\n\n\n\n<li>Poszukiwania Pier\u015bcienia GALAKTA<\/li>\n\n\n\n<li>Potwory w Nowym Jorku<\/li>\n\n\n\n<li>Projekt: Miasteczko MUDUKO<\/li>\n\n\n\n<li>Pulsar 2849<\/li>\n\n\n\n<li>Res Arcana (edycja polska) REBEL<\/li>\n\n\n\n<li>Robinson Crusoe: Przygoda na przekl. wyspie PORTAL<\/li>\n\n\n\n<li>Rolnicy<\/li>\n\n\n\n<li>W\u0142adca Pier\u015bcieni. Bitwa o \u015ar\u00f3dziemie 2<\/li>\n\n\n\n<li>W\u0142adca pier\u015bcieni. Wyprawa do Mordor<\/li>\n\n\n\n<li>W\u0142adca pier\u015bcieni &#8211; gra karciana GALAKTA<\/li>\n\n\n\n<li>W\u0142adca Pier\u015bcieni: Podr\u00f3\u017ce przez \u015ar\u00f3dziemie REBEL<\/li>\n\n\n\n<li>Wsi\u0105\u015b\u0107 do Poci\u0105gu: Europa REBEL<\/li>\n\n\n\n<li>Wsi\u0105\u015b\u0107 do poci\u0105gu: USA REBEL<\/li>\n\n\n\n<li>Wsi\u0105\u015b\u0107 do poci\u0105gu: Nowy Jork REBEL<\/li>\n\n\n\n<li>Rummikub Standard<\/li>\n\n\n\n<li>Ruszy\u0142bym na Smoka BLACK MONK<\/li>\n\n\n\n<li>Ryzyk Fizyk<\/li>\n\n\n\n<li>Sabota\u017cysta<\/li>\n\n\n\n<li>Sabota\u017cysta. Zaginione kopalnie<\/li>\n\n\n\n<li>Sagrada<\/li>\n\n\n\n<li>Schotten Totten<\/li>\n\n\n\n<li>Scrabble<\/li>\n\n\n\n<li>Scrabble Towers<\/li>\n\n\n\n<li>Sen<\/li>\n\n\n\n<li>Small World REBEL<\/li>\n\n\n\n<li>Spiskowcy PORTAL<\/li>\n\n\n\n<li>Splendor REBEL<\/li>\n\n\n\n<li>Star Realms GFP<\/li>\n\n\n\n<li>Stra\u017cniczki REBEL<\/li>\n\n\n\n<li>Superhot Card Game<\/li>\n\n\n\n<li>Szeregowy Pingwin<\/li>\n\n\n\n<li>Szeryf z Nottingham<\/li>\n\n\n\n<li>\u015amier\u0107 Ja\u015bniepanu CUBE<\/li>\n\n\n\n<li>T.I.M.E Stories REBEL<\/li>\n\n\n\n<li>T.I.M.E Stories: Aleja Gwiazd REBEL<\/li>\n\n\n\n<li>T.I.M.E Stories: Bractwo Wybrze\u017ca REBEL<\/li>\n\n\n\n<li>T.I.M.E Stories: Proroctwo Smok\u00f3w REBEL<\/li>\n\n\n\n<li>T.I.M.E Stories: Sprawa Marcy REBEL<\/li>\n\n\n\n<li>T.I.M.E Stories: Tajemnica Maski REBEL<\/li>\n\n\n\n<li>Tagi<\/li>\n<\/ul>\n\n\n\n<p class=\"has-medium-font-size\"><strong>I ci\u0105gle dochodz\u0105 nowe \ud83d\ude42<\/strong><\/p>\n\n\n\n<p><\/p>\n<\/div><\/div>\n\n<\/div><\/div>","protected":false},"excerpt":{"rendered":"<p>GAMERSI.PLLista gier dost\u0119pnych w naszej wypo\u017cyczalni Lista gier planszowych I ci\u0105gle dochodz\u0105 nowe \ud83d\ude42<\/p>\n","protected":false},"author":2,"featured_media":0,"parent":0,"menu_order":0,"comment_status":"closed","ping_status":"closed","template":"","meta":{"_kadence_starter_templates_imported_post":false,"_kad_post_transparent":"disable","_kad_post_title":"hide","_kad_post_layout":"fullwidth","_kad_post_sidebar_id":"","_kad_post_content_style":"unboxed","_kad_post_vertical_padding":"","_kad_post_feature":"","_kad_post_feature_position":"","_kad_post_header":false,"_kad_post_footer":false,"_kad_post_classname":"","footnotes":""},"class_list":["post-75","page","type-page","status-publish","hentry"],"yoast_head":"<!-- This site is optimized with the Yoast SEO plugin v27.5 - https:\/\/yoast.com\/product\/yoast-seo-wordpress\/ -->\n<title>Lista gier - GAMERSI.pl<\/title>\n<meta name=\"robots\" content=\"index, follow, max-snippet:-1, max-image-preview:large, max-video-preview:-1\" \/>\n<link rel=\"canonical\" href=\"https:\/\/gamersi.wedrowanie.org.pl\/index.php\/lista-gier\/\" \/>\n<meta property=\"og:locale\" content=\"pl_PL\" \/>\n<meta property=\"og:type\" content=\"article\" \/>\n<meta property=\"og:title\" content=\"Lista gier - GAMERSI.pl\" \/>\n<meta property=\"og:description\" content=\"GAMERSI.PLLista gier dost\u0119pnych w naszej wypo\u017cyczalni Lista gier planszowych I ci\u0105gle dochodz\u0105 nowe \ud83d\ude42\" \/>\n<meta property=\"og:url\" content=\"https:\/\/gamersi.wedrowanie.org.pl\/index.php\/lista-gier\/\" \/>\n<meta property=\"og:site_name\" content=\"GAMERSI.pl\" \/>\n<meta property=\"article:publisher\" content=\"https:\/\/www.facebook.com\/gamersipl\" \/>\n<meta property=\"article:modified_time\" content=\"2025-08-27T08:32:40+00:00\" \/>\n<meta name=\"twitter:card\" content=\"summary_large_image\" \/>\n<meta name=\"twitter:label1\" content=\"Szacowany czas czytania\" \/>\n\t<meta name=\"twitter:data1\" content=\"2 minuty\" \/>\n<script type=\"application\/ld+json\" class=\"yoast-schema-graph\">{\"@context\":\"https:\\\/\\\/schema.org\",\"@graph\":[{\"@type\":\"WebPage\",\"@id\":\"https:\\\/\\\/gamersi.wedrowanie.org.pl\\\/index.php\\\/lista-gier\\\/\",\"url\":\"https:\\\/\\\/gamersi.wedrowanie.org.pl\\\/index.php\\\/lista-gier\\\/\",\"name\":\"Lista gier - GAMERSI.pl\",\"isPartOf\":{\"@id\":\"https:\\\/\\\/gamersi.wedrowanie.org.pl\\\/#website\"},\"datePublished\":\"2025-08-12T13:05:57+00:00\",\"dateModified\":\"2025-08-27T08:32:40+00:00\",\"breadcrumb\":{\"@id\":\"https:\\\/\\\/gamersi.wedrowanie.org.pl\\\/index.php\\\/lista-gier\\\/#breadcrumb\"},\"inLanguage\":\"pl-PL\",\"potentialAction\":[{\"@type\":\"ReadAction\",\"target\":[\"https:\\\/\\\/gamersi.wedrowanie.org.pl\\\/index.php\\\/lista-gier\\\/\"]}]},{\"@type\":\"BreadcrumbList\",\"@id\":\"https:\\\/\\\/gamersi.wedrowanie.org.pl\\\/index.php\\\/lista-gier\\\/#breadcrumb\",\"itemListElement\":[{\"@type\":\"ListItem\",\"position\":1,\"name\":\"Strona g\u0142\u00f3wna\",\"item\":\"https:\\\/\\\/gamersi.wedrowanie.org.pl\\\/\"},{\"@type\":\"ListItem\",\"position\":2,\"name\":\"Lista gier\"}]},{\"@type\":\"WebSite\",\"@id\":\"https:\\\/\\\/gamersi.wedrowanie.org.pl\\\/#website\",\"url\":\"https:\\\/\\\/gamersi.wedrowanie.org.pl\\\/\",\"name\":\"Gamersi.dkonto.pl\",\"description\":\"\",\"publisher\":{\"@id\":\"https:\\\/\\\/gamersi.wedrowanie.org.pl\\\/#organization\"},\"potentialAction\":[{\"@type\":\"SearchAction\",\"target\":{\"@type\":\"EntryPoint\",\"urlTemplate\":\"https:\\\/\\\/gamersi.wedrowanie.org.pl\\\/?s={search_term_string}\"},\"query-input\":{\"@type\":\"PropertyValueSpecification\",\"valueRequired\":true,\"valueName\":\"search_term_string\"}}],\"inLanguage\":\"pl-PL\"},{\"@type\":\"Organization\",\"@id\":\"https:\\\/\\\/gamersi.wedrowanie.org.pl\\\/#organization\",\"name\":\"Gamersi.pl\",\"url\":\"https:\\\/\\\/gamersi.wedrowanie.org.pl\\\/\",\"logo\":{\"@type\":\"ImageObject\",\"inLanguage\":\"pl-PL\",\"@id\":\"https:\\\/\\\/gamersi.wedrowanie.org.pl\\\/#\\\/schema\\\/logo\\\/image\\\/\",\"url\":\"https:\\\/\\\/gamersi.wedrowanie.org.pl\\\/wp-content\\\/uploads\\\/2025\\\/08\\\/cropped-cropped-GAMERSI.pl-2.png.webp\",\"contentUrl\":\"https:\\\/\\\/gamersi.wedrowanie.org.pl\\\/wp-content\\\/uploads\\\/2025\\\/08\\\/cropped-cropped-GAMERSI.pl-2.png.webp\",\"width\":500,\"height\":447,\"caption\":\"Gamersi.pl\"},\"image\":{\"@id\":\"https:\\\/\\\/gamersi.wedrowanie.org.pl\\\/#\\\/schema\\\/logo\\\/image\\\/\"},\"sameAs\":[\"https:\\\/\\\/www.facebook.com\\\/gamersipl\"]}]}<\/script>\n<!-- \/ Yoast SEO plugin. -->","yoast_head_json":{"title":"Lista gier - GAMERSI.pl","robots":{"index":"index","follow":"follow","max-snippet":"max-snippet:-1","max-image-preview":"max-image-preview:large","max-video-preview":"max-video-preview:-1"},"canonical":"https:\/\/gamersi.wedrowanie.org.pl\/index.php\/lista-gier\/","og_locale":"pl_PL","og_type":"article","og_title":"Lista gier - GAMERSI.pl","og_description":"GAMERSI.PLLista gier dost\u0119pnych w naszej wypo\u017cyczalni Lista gier planszowych I ci\u0105gle dochodz\u0105 nowe \ud83d\ude42","og_url":"https:\/\/gamersi.wedrowanie.org.pl\/index.php\/lista-gier\/","og_site_name":"GAMERSI.pl","article_publisher":"https:\/\/www.facebook.com\/gamersipl","article_modified_time":"2025-08-27T08:32:40+00:00","twitter_card":"summary_large_image","twitter_misc":{"Szacowany czas czytania":"2 minuty"},"schema":{"@context":"https:\/\/schema.org","@graph":[{"@type":"WebPage","@id":"https:\/\/gamersi.wedrowanie.org.pl\/index.php\/lista-gier\/","url":"https:\/\/gamersi.wedrowanie.org.pl\/index.php\/lista-gier\/","name":"Lista gier - GAMERSI.pl","isPartOf":{"@id":"https:\/\/gamersi.wedrowanie.org.pl\/#website"},"datePublished":"2025-08-12T13:05:57+00:00","dateModified":"2025-08-27T08:32:40+00:00","breadcrumb":{"@id":"https:\/\/gamersi.wedrowanie.org.pl\/index.php\/lista-gier\/#breadcrumb"},"inLanguage":"pl-PL","potentialAction":[{"@type":"ReadAction","target":["https:\/\/gamersi.wedrowanie.org.pl\/index.php\/lista-gier\/"]}]},{"@type":"BreadcrumbList","@id":"https:\/\/gamersi.wedrowanie.org.pl\/index.php\/lista-gier\/#breadcrumb","itemListElement":[{"@type":"ListItem","position":1,"name":"Strona g\u0142\u00f3wna","item":"https:\/\/gamersi.wedrowanie.org.pl\/"},{"@type":"ListItem","position":2,"name":"Lista gier"}]},{"@type":"WebSite","@id":"https:\/\/gamersi.wedrowanie.org.pl\/#website","url":"https:\/\/gamersi.wedrowanie.org.pl\/","name":"Gamersi.dkonto.pl","description":"","publisher":{"@id":"https:\/\/gamersi.wedrowanie.org.pl\/#organization"},"potentialAction":[{"@type":"SearchAction","target":{"@type":"EntryPoint","urlTemplate":"https:\/\/gamersi.wedrowanie.org.pl\/?s={search_term_string}"},"query-input":{"@type":"PropertyValueSpecification","valueRequired":true,"valueName":"search_term_string"}}],"inLanguage":"pl-PL"},{"@type":"Organization","@id":"https:\/\/gamersi.wedrowanie.org.pl\/#organization","name":"Gamersi.pl","url":"https:\/\/gamersi.wedrowanie.org.pl\/","logo":{"@type":"ImageObject","inLanguage":"pl-PL","@id":"https:\/\/gamersi.wedrowanie.org.pl\/#\/schema\/logo\/image\/","url":"https:\/\/gamersi.wedrowanie.org.pl\/wp-content\/uploads\/2025\/08\/cropped-cropped-GAMERSI.pl-2.png.webp","contentUrl":"https:\/\/gamersi.wedrowanie.org.pl\/wp-content\/uploads\/2025\/08\/cropped-cropped-GAMERSI.pl-2.png.webp","width":500,"height":447,"caption":"Gamersi.pl"},"image":{"@id":"https:\/\/gamersi.wedrowanie.org.pl\/#\/schema\/logo\/image\/"},"sameAs":["https:\/\/www.facebook.com\/gamersipl"]}]}},"_links":{"self":[{"href":"https:\/\/gamersi.wedrowanie.org.pl\/index.php\/wp-json\/wp\/v2\/pages\/75","targetHints":{"allow":["GET"]}}],"collection":[{"href":"https:\/\/gamersi.wedrowanie.org.pl\/index.php\/wp-json\/wp\/v2\/pages"}],"about":[{"href":"https:\/\/gamersi.wedrowanie.org.pl\/index.php\/wp-json\/wp\/v2\/types\/page"}],"author":[{"embeddable":true,"href":"https:\/\/gamersi.wedrowanie.org.pl\/index.php\/wp-json\/wp\/v2\/users\/2"}],"replies":[{"embeddable":true,"href":"https:\/\/gamersi.wedrowanie.org.pl\/index.php\/wp-json\/wp\/v2\/comments?post=75"}],"version-history":[{"count":7,"href":"https:\/\/gamersi.wedrowanie.org.pl\/index.php\/wp-json\/wp\/v2\/pages\/75\/revisions"}],"predecessor-version":[{"id":219,"href":"https:\/\/gamersi.wedrowanie.org.pl\/index.php\/wp-json\/wp\/v2\/pages\/75\/revisions\/219"}],"wp:attachment":[{"href":"https:\/\/gamersi.wedrowanie.org.pl\/index.php\/wp-json\/wp\/v2\/media?parent=75"}],"curies":[{"name":"wp","href":"https:\/\/api.w.org\/{rel}","templated":true}]}}