{"id":3,"date":"2025-04-22T23:29:20","date_gmt":"2025-04-22T21:29:20","guid":{"rendered":"http:\/\/bezaiwp68.you2.pl\/?page_id=3"},"modified":"2025-08-13T14:33:17","modified_gmt":"2025-08-13T12:33:17","slug":"polityka-prywatnosci","status":"publish","type":"page","link":"https:\/\/gamersi.wedrowanie.org.pl\/index.php\/polityka-prywatnosci\/","title":{"rendered":"Polityka prywatno\u015bci"},"content":{"rendered":"\n<p>Niniejsza Polityka stanowi podstawow\u0105 informacj\u0119 o celach, sposobach przetwarzania oraz bezpiecze\u0144stwie Twoich danych osobowych, jako u\u017cytkownika strony: gamersi.wedrowanie.org.pl (zwanej dalej Stron\u0105). Zapoznaj\u0105c si\u0119 z Polityk\u0105 prywatno\u015bci dowiesz si\u0119 kto jest administratorem Twoich danych osobowych, jakie dane osobowe s\u0105 przez Stron\u0119 zbierane, w jakich celach s\u0105 wykorzystywane oraz jak s\u0105 chronione.<\/p>\n\n\n\n<h3 class=\"wp-block-heading\">\u00a71. Informacje podstawowe<\/h3>\n\n\n\n<ol class=\"wp-block-list\">\n<li>Operatorem serwisu oraz Administratorem Twoich danych osobowych jest:\u00a0<br>WIELKOPOLSKIE STOWARZYSZENIE M\u0141ODZIE\u017bOWE NA RZECZ PROMOCJI KULTURY, SPORTU I TURYSTYKI \u201eW\u0118DROWANIE\u201d, z siedzib\u0105 w Poznaniu, ul. Po\u0142udniowa 61\/1, 61-475, NIP 7811882701, KRS0000448241, adres email: sklep@wedrowanie.org.pl.<\/li>\n\n\n\n<li>Kontakt z Administratorem jest mo\u017cliwy za po\u015brednictwem:\u00a0poczty e-mail:\u00a0<a href=\"https:\/\/planerowo.wedrowanie.org.pl\/sklep@planerowo.pl\">sklep@wedrowanie.org.pl<\/a><\/li>\n\n\n\n<li>Dane osobowe w Sklepie Internetowym przetwarzane s\u0105 przez Administratora zgodnie z obowi\u0105zuj\u0105cymi przepisami prawa, w szczeg\u00f3lno\u015bci zgodnie z rozporz\u0105dzeniem Parlamentu Europejskiego i Rady (UE) 2016\/679 z dnia 27 kwietnia 2016 r. w sprawie ochrony os\u00f3b fizycznych w zwi\u0105zku z przetwarzaniem danych osobowych i w sprawie swobodnego przep\u0142ywu takich danych oraz uchylenia dyrektywy 95\/46\/WE (og\u00f3lne rozporz\u0105dzenie o ochronie danych) \u2013 zwane dalej \u201eRODO\u201d lub \u201eRozporz\u0105dzenie RODO\u201d. Oficjalny tekst Rozporz\u0105dzenia RODO:\u00a0<a href=\"https:\/\/eur-lex.europa.eu\/legal-content\/PL\/TXT\/?uri=CELEX%3A32016R0679\">http:\/\/eur-lex.europa.eu\/legal-content\/PL\/TXT\/?uri=CELEX%3A32016R0679<\/a><\/li>\n<\/ol>\n\n\n\n<h3 class=\"wp-block-heading\">\u00a72. Zasady przetwarzania danych<\/h3>\n\n\n\n<ol class=\"wp-block-list\">\n<li>Administrator przetwarza dane osobowe z poszanowaniem nast\u0119puj\u0105cych zasad:\n<ul class=\"wp-block-list\">\n<li>w oparciu o podstaw\u0119 prawn\u0105 i zgodnie z prawem (legalizm);<\/li>\n\n\n\n<li>rzetelnie i uczciwie (rzetelno\u015b\u0107);\u00a0<\/li>\n\n\n\n<li>w spos\u00f3b przejrzysty dla osoby, kt\u00f3rej dane dotycz\u0105 (transparentno\u015b\u0107);<\/li>\n\n\n\n<li>w konkretnych celach i nie \u201ena zapas\u201d (minimalizacja);<\/li>\n\n\n\n<li>nie wi\u0119cej ni\u017c potrzeba (adekwatno\u015b\u0107);<\/li>\n\n\n\n<li>z dba\u0142o\u015bci\u0105 o prawid\u0142owo\u015b\u0107 danych (prawid\u0142owo\u015b\u0107);<\/li>\n\n\n\n<li>nie d\u0142u\u017cej ni\u017c potrzeba (czasowo\u015b\u0107);<\/li>\n\n\n\n<li>zapewniaj\u0105c odpowiednie bezpiecze\u0144stwo danych (bezpiecze\u0144stwo).<\/li>\n<\/ul>\n<\/li>\n<\/ol>\n\n\n\n<h3 class=\"wp-block-heading\">\u00a73. Cele, podstawy prawne i zakres przetwarzania danych.&nbsp;<\/h3>\n\n\n\n<ol class=\"wp-block-list\">\n<li>Twoje dane b\u0119dziemy przetwarza\u0107:<\/li>\n<\/ol>\n\n\n\n<ul class=\"wp-block-list\">\n<li>w celu prowadzenia newslettera oraz przedstawiania informacji handlowych<\/li>\n\n\n\n<li>w celach kontaktowych, aby udzieli\u0107 ci odpowiedzi na Twoj\u0105 wiadomo\u015b\u0107 przes\u0142an\u0105 nam bezpo\u015brednio drog\u0105 e-mailow\u0105 lub za po\u015brednictwem formularza na podstawie realizacji prawnie uzasadnionego interesu Administratora zwi\u0105zanego z konieczno\u015bci\u0105 udzielenia Ci odpowiedzi.<\/li>\n\n\n\n<li>&nbsp;w celach statystycznych, analitycznych oraz monitorowania ruchu na Stronie przy u\u017cyciu plik\u00f3w cookies na podstawie realizacji prawnie uzasadnionego interesu Administratora zwi\u0105zanego z prawid\u0142owym dzia\u0142aniem i funkcjonowaniem Strony oraz prowadzeniem analizy ruchu na stronie.<\/li>\n<\/ul>\n\n\n\n<p>2. Przetwarzamy Twoje dane w zakresie:<\/p>\n\n\n\n<ul class=\"wp-block-list\">\n<li>je\u015bli prze\u015blesz nam wiadomo\u015b\u0107 e-mail to b\u0119dziemy przetwarza\u0107 dane, kt\u00f3re b\u0119d\u0105 w niej zawarte. Przekazanie nam danych w e-mailu nast\u0119puje dobrowolnie. W ka\u017cdym czasie mo\u017cesz zwr\u00f3ci\u0107 si\u0119 do nas z pro\u015bb\u0105 o usuni\u0119cie tych danych.<\/li>\n\n\n\n<li>je\u015bli skorzysta\u0107 z formularza kontaktowego na naszej stronie to b\u0119dziemy przetwarza\u0107 dane w postaci twojego adresu e-mail oraz imienia. Podanie tych danych stanowi warunek udzielenia przez nas odpowiedzi na Twoje zapytanie.\u00a0<\/li>\n\n\n\n<li>pozosta\u0142e dane, kt\u00f3re Administrator przetwarza to adres IP i inne dane zapisywane w plikach cookies, kt\u00f3re s\u0142u\u017c\u0105 Administratorowi do analizy korzystania przez Ciebie i innych u\u017cytkownik\u00f3w Strony. Przetwarzanie danych w tym zakresie mo\u017ce zosta\u0107 wstrzymane po z\u0142o\u017ceniu przez Ciebie sprzeciwu.<\/li>\n<\/ul>\n\n\n\n<p>3. Operator stosuje analiz\u0119 statystyczn\u0105 ruchu na stronie, poprzez Google Analytics (Google Inc. z siedzib\u0105 w USA). Operator nie przekazuje do operatora tej us\u0142ugi danych osobowych, a jedynie zanonimizowane informacje. Us\u0142uga bazuje na wykorzystaniu ciasteczek w urz\u0105dzeniu ko\u0144cowym u\u017cytkownika. W zakresie informacji o preferencjach u\u017cytkownika gromadzonych przez sie\u0107 reklamow\u0105 Google u\u017cytkownik mo\u017ce przegl\u0105da\u0107 i edytowa\u0107 informacje wynikaj\u0105ce z plik\u00f3w cookies przy pomocy narz\u0119dzia:&nbsp;<a href=\"https:\/\/google.com\/ads\/preferences\">https:\/\/google.com\/ads\/preferences<\/a>.&nbsp;<\/p>\n\n\n\n<p>4. Operator korzysta z piksela Facebooka. Ta technologia powoduje, \u017ce serwis Facebook (Facebook Ireland Inc. z siedzib\u0105 w Irlandi), wie \u017ce dana osoba w nim zarejestrowana korzysta z Serwisu. Bazuje w tym przypadku na danych, wobec kt\u00f3rych sam jest administratorem, Operator nie przekazuje od siebie \u017cadnych dodatkowych danych osobowych serwisowi Facebook. Us\u0142uga bazuje na wykorzystaniu ciasteczek w urz\u0105dzeniu ko\u0144cowym u\u017cytkownika.&nbsp;<\/p>\n\n\n\n<p>5. W niekt\u00f3rych sytuacjach Administrator ma prawo przekazywa\u0107 Twoje dane osobowe innym odbiorcom, je\u015bli b\u0119dzie to konieczne do wykonania zawartej z Tob\u0105 umowy lub do zrealizowania obowi\u0105zk\u00f3w ci\u0105\u017c\u0105cych na Administratorze. Dotyczy to takich grup odbiorc\u00f3w jak:<\/p>\n\n\n\n<ul class=\"wp-block-list\">\n<li>Firma hostingowa na zasadzie powierzenia<\/li>\n\n\n\n<li>Upowa\u017cnieni pracownicy i wsp\u00f3\u0142pracownicy, kt\u00f3rzy korzystaj\u0105 z danych w celu realizacji celu dzia\u0142ania strony.<\/li>\n<\/ul>\n\n\n\n<h3 class=\"wp-block-heading\">\u00a74. Termin przechowywania danych<\/h3>\n\n\n\n<p>Twoje dane osobowe przetwarzane s\u0105 przez Administratora nie d\u0142u\u017cej ni\u017c jest to konieczne do wykonania zwi\u0105zanych z nimi czynno\u015bci okre\u015blonych w odr\u0119bnych przepisach (na przyk\u0142ad w ustawie o rachunkowo\u015bci). Je\u015bli chodzi o dane marketingowe, dane nie b\u0119d\u0105 przechowywane d\u0142u\u017cej ni\u017c przez 3 lata.<\/p>\n\n\n\n<h3 class=\"wp-block-heading\">\u00a75. Prawa u\u017cytkownik\u00f3w<\/h3>\n\n\n\n<ol class=\"wp-block-list\">\n<li>W zwi\u0105zku z przetwarzaniem Twoich danych przys\u0142uguj\u0105 Ci nast\u0119puj\u0105ce prawa:\u00a0<\/li>\n<\/ol>\n\n\n\n<ul class=\"wp-block-list\">\n<li>dost\u0119pu do tre\u015bci swoich danych oraz\u00a0<\/li>\n\n\n\n<li>prawo ich sprostowania, usuni\u0119cia, ograniczenia przetwarzania,\u00a0<\/li>\n\n\n\n<li>prawo do przenoszenia danych,\u00a0<\/li>\n\n\n\n<li>prawo wniesienia sprzeciwu,\u00a0<\/li>\n\n\n\n<li>prawo do cofni\u0119cia zgody na ich przetwarzanie w dowolnym momencie i w dowolnej formie, chyba \u017ce przetwarzanie Pa\u0144stwa danych odbywa si\u0119 w celu wykonywania umowy przez Administratora, w celu wywi\u0105zania si\u0119 przez Administratora z obowi\u0105zk\u00f3w prawnych wzgl\u0119dem instytucji pa\u0144stwowych lub w celu realizacji prawnie uzasadnionych interes\u00f3w Administratora.\u00a0<\/li>\n\n\n\n<li>Podanie danych osobowych jest dobrowolne, niezb\u0119dne jednak do realizacji zawartych z Tob\u0105 um\u00f3w (realizacji z\u0142o\u017conych przez Ciebie zam\u00f3wie\u0144).\u00a0<\/li>\n\n\n\n<li>Masz tak\u017ce prawo wniesienia skargi do Prezesa Urz\u0119du Ochrony Danych Osobowych (na adres Urz\u0119du Ochrony Danych Osobowych, ul. Stawki 2, 00-193 Warszawa).\u00a0<\/li>\n<\/ul>\n\n\n\n<p>2. Wi\u0119cej informacji w przedmiocie ochrony danych osobowych mog\u0105 Pa\u0144stwo otrzyma\u0107 na stronie internetowej Urz\u0119du Ochrony Danych Osobowych:&nbsp;<a href=\"http:\/\/www.uodo.gov.pl\/\">www.uodo.gov.pl<\/a><\/p>\n\n\n\n<h3 class=\"wp-block-heading\">\u00a76. Pliki cookies<\/h3>\n\n\n\n<ol class=\"wp-block-list\">\n<li>Pliki cookies (tzw. \u201eciasteczka\u201d) stanowi\u0105 dane informatyczne, w szczeg\u00f3lno\u015bci pliki tekstowe, kt\u00f3re przechowywane s\u0105 w urz\u0105dzeniu ko\u0144cowym, czyli Twoim komputerze, laptopie lub smartfonie, w zale\u017cno\u015bci jakiego urz\u0105dzenia u\u017cywasz do ogl\u0105dania Strony. Cookies zazwyczaj zawieraj\u0105 nazw\u0119 strony internetowej, z kt\u00f3rej pochodz\u0105, czas przechowywania ich na urz\u0105dzeniu ko\u0144cowym oraz unikalny numer. Sam mo\u017cesz zadecydowa\u0107 o formie wykorzystania cookies \u2013 ustawienia te s\u0105 dost\u0119pne w ka\u017cdej przegl\u0105darce internetowej.<\/li>\n\n\n\n<li>Pliki cookies s\u0142u\u017c\u0105 przede wszystkim twojej wygodzie \u2013 dzi\u0119ki ich u\u017cyciu, znacznie skraca si\u0119 czas \u0142adowania strony podczas kolejnych odwiedzin.<\/li>\n\n\n\n<li>Do zarz\u0105dzania plikami cookie i podobnymi technologiami (piksele \u015bledz\u0105ce, sygnalizatory sieci web itp.) oraz powi\u0105zanymi zgodami u\u017cywamy narz\u0119dzia do wyra\u017cania zgody \u201eReal Cookie Banner\u201d. Szczeg\u00f3\u0142owe informacje na temat dzia\u0142ania \u201eReal Cookie Banner\u201d mo\u017cna znale\u017a\u0107 na stronie\u00a0<a href=\"https:\/\/devowl.io\/rcb\/data-processing\/\" target=\"_blank\" rel=\"noreferrer noopener\">https:\/\/devowl.io\/rcb\/data-processing\/<\/a>.<\/li>\n\n\n\n<li>Podstaw\u0105 prawn\u0105 przetwarzania danych osobowych w tym kontek\u015bcie jest art. 6 ust. 1 lit. c) RODO i art. 6 ust. 1 lit. f) RODO. Naszym uzasadnionym interesem jest zarz\u0105dzanie plikami cookie i podobnymi wykorzystywanymi technologiami oraz zwi\u0105zanymi z nimi zgodami.<\/li>\n\n\n\n<li>Podanie przez Pa\u0144stwa danych osobowych nie jest wymagane umownie ani konieczne do zawarcia umowy. Nie s\u0105 Pa\u0144stwo zobowi\u0105zani do podania danych osobowych. Je\u015bli nie podadz\u0105 Pa\u0144stwo danych osobowych, nie b\u0119dziemy mogli zarz\u0105dza\u0107 Pa\u0144stwa zgodami.<\/li>\n\n\n\n<li>Cechy plik\u00f3w cookies:<\/li>\n<\/ol>\n\n\n\n<ul class=\"wp-block-list\">\n<li>dostosowuj\u0105 zawarto\u015b\u0107 stron internetowych serwisu do U\u017cytkownika. Optymalizuj\u0105 poruszanie U\u017cytkownika na stronie, w szczeg\u00f3lno\u015bci pliki te pozwalaj\u0105 rozpozna\u0107 urz\u0105dzenie, za pomoc\u0105, kt\u00f3rego wy\u015bwietlana jest strona i tak ustawi\u0107 jej parametry, by nawigacja nie sprawia\u0142a problem\u00f3w i zoptymalizowana pod wzgl\u0119dem indywidualnych potrzeb U\u017cytkownika.\u00a0<\/li>\n\n\n\n<li>pozwalaj\u0105 wy\u015bwietli\u0107 stron\u0119 internetow\u0105, dostosowan\u0105 do Twoich indywidualnych potrzeb;<\/li>\n\n\n\n<li>tworz\u0105 statystyki, dzi\u0119ki kt\u00f3rym Administrator wie, kt\u00f3re tre\u015bci ciesz\u0105 si\u0119 zainteresowaniem U\u017cytkownik\u00f3w. Pozwala to na ci\u0105g\u0142e ulepszanie strony i tak\u0105 konstrukcj\u0119 tre\u015bci, kt\u00f3ra b\u0119dzie odpowiada\u0142a osobom odwiedzaj\u0105cym stron\u0119.<\/li>\n\n\n\n<li>pozwalaj\u0105 na wielokrotne wykorzystanie opcji logowania przez U\u017cytkownika, co jest dla Ciebie du\u017co wygodniejsze, gdy\u017c podczas przemieszczania si\u0119 po stronie i wielokrotnych odwiedzin nie jeste\u015b zmuszony do ka\u017cdorazowego wpisywania loginu i has\u0142a.<\/li>\n<\/ul>\n\n\n\n<p>Je\u017celi nie zgadzasz si\u0119 na wykorzystywanie cookies przez Stron\u0119, opu\u015b\u0107 j\u0105 lub aktywuj odpowiednie ustawienia w swojej przegl\u0105darce internetowej.<\/p>\n\n\n\n<p>W ramach Strony stosowane s\u0105 dwa zasadnicze rodzaje plik\u00f3w cookies: \u201esesyjne\u201d (session cookies) oraz \u201esta\u0142e\u201d (persistent cookies). Cookies \u201esesyjne\u201d s\u0105 plikami tymczasowymi, kt\u00f3re przechowywane s\u0105 w urz\u0105dzeniu ko\u0144cowym U\u017cytkownika do czasu wylogowania, opuszczenia strony internetowej lub wy\u0142\u0105czenia oprogramowania (przegl\u0105darki internetowej). \u201eSta\u0142e\u201d pliki cookies przechowywane s\u0105 w urz\u0105dzeniu ko\u0144cowym U\u017cytkownika przez czas okre\u015blony w parametrach plik\u00f3w cookies lub do czasu ich usuni\u0119cia przez U\u017cytkownika.<\/p>\n\n\n\n<p>U\u017cytkownik mo\u017ce w ka\u017cdym momencie usun\u0105\u0107 pliki cookies.<\/p>\n\n\n\n<p>Wprowadzone przez u\u017cytkownika ograniczenia stosowania plik\u00f3w cookies mog\u0105 wp\u0142yn\u0105\u0107 na niekt\u00f3re funkcjonalno\u015bci Strony, znacznie utrudniaj\u0105c swobodne korzystanie ze wszystkich jego opcji.&nbsp;<\/p>\n\n\n\n<p>Pliki cookies s\u0105 zamieszczane w urz\u0105dzeniu ko\u0144cowym U\u017cytkownika i wykorzystywane mog\u0105 by\u0107 r\u00f3wnie\u017c przez wsp\u00f3\u0142pracuj\u0105cych z operatorem Strony reklamodawc\u00f3w oraz innych partner\u00f3w. U\u017cytkownik jednak\u017ce w ka\u017cdej chwili mo\u017ce je usun\u0105\u0107.<\/p>\n\n\n\n<p>Wi\u0119cej szczeg\u00f3\u0142owych informacji na temat plik\u00f3w cookies dost\u0119pnych jest pod adresem http:\/\/wszystkoociasteczkach.pl lub w sekcji \u201ePomoc\u201d w menu przegl\u0105darki internetowej.<\/p>\n\n\n\n<p>Je\u017celi masz w\u0105tpliwo\u015bci, co do ustawie\u0144 plik\u00f3w cookies, skontaktuj si\u0119 z operatorem swojej przegl\u0105darki internetowej.<\/p>\n","protected":false},"excerpt":{"rendered":"<p>Niniejsza Polityka stanowi podstawow\u0105 informacj\u0119 o celach, sposobach przetwarzania oraz bezpiecze\u0144stwie Twoich danych osobowych, jako u\u017cytkownika strony: gamersi.wedrowanie.org.pl (zwanej dalej Stron\u0105). Zapoznaj\u0105c si\u0119 z Polityk\u0105 prywatno\u015bci dowiesz si\u0119 kto jest administratorem Twoich danych osobowych, jakie dane osobowe s\u0105 przez Stron\u0119 zbierane, w jakich celach s\u0105 wykorzystywane oraz jak s\u0105 chronione. \u00a71. Informacje podstawowe \u00a72. Zasady&#8230;<\/p>\n","protected":false},"author":1,"featured_media":0,"parent":0,"menu_order":0,"comment_status":"closed","ping_status":"open","template":"","meta":{"_kadence_starter_templates_imported_post":false,"_kad_post_transparent":"","_kad_post_title":"","_kad_post_layout":"","_kad_post_sidebar_id":"","_kad_post_content_style":"","_kad_post_vertical_padding":"","_kad_post_feature":"","_kad_post_feature_position":"","_kad_post_header":false,"_kad_post_footer":false,"_kad_post_classname":"","footnotes":""},"class_list":["post-3","page","type-page","status-publish","hentry"],"yoast_head":"<!-- This site is optimized with the Yoast SEO plugin v27.5 - https:\/\/yoast.com\/product\/yoast-seo-wordpress\/ -->\n<title>Polityka prywatno\u015bci - GAMERSI.pl<\/title>\n<meta name=\"robots\" content=\"index, follow, max-snippet:-1, max-image-preview:large, max-video-preview:-1\" \/>\n<link rel=\"canonical\" href=\"https:\/\/gamersi.wedrowanie.org.pl\/index.php\/polityka-prywatnosci\/\" \/>\n<meta property=\"og:locale\" content=\"pl_PL\" \/>\n<meta property=\"og:type\" content=\"article\" \/>\n<meta property=\"og:title\" content=\"Polityka prywatno\u015bci - GAMERSI.pl\" \/>\n<meta property=\"og:description\" content=\"Niniejsza Polityka stanowi podstawow\u0105 informacj\u0119 o celach, sposobach przetwarzania oraz bezpiecze\u0144stwie Twoich danych osobowych, jako u\u017cytkownika strony: gamersi.wedrowanie.org.pl (zwanej dalej Stron\u0105). Zapoznaj\u0105c si\u0119 z Polityk\u0105 prywatno\u015bci dowiesz si\u0119 kto jest administratorem Twoich danych osobowych, jakie dane osobowe s\u0105 przez Stron\u0119 zbierane, w jakich celach s\u0105 wykorzystywane oraz jak s\u0105 chronione. \u00a71. Informacje podstawowe \u00a72. Zasady...\" \/>\n<meta property=\"og:url\" content=\"https:\/\/gamersi.wedrowanie.org.pl\/index.php\/polityka-prywatnosci\/\" \/>\n<meta property=\"og:site_name\" content=\"GAMERSI.pl\" \/>\n<meta property=\"article:publisher\" content=\"https:\/\/www.facebook.com\/gamersipl\" \/>\n<meta property=\"article:modified_time\" content=\"2025-08-13T12:33:17+00:00\" \/>\n<meta name=\"twitter:card\" content=\"summary_large_image\" \/>\n<meta name=\"twitter:label1\" content=\"Szacowany czas czytania\" \/>\n\t<meta name=\"twitter:data1\" content=\"8 minut\" \/>\n<script type=\"application\/ld+json\" class=\"yoast-schema-graph\">{\"@context\":\"https:\\\/\\\/schema.org\",\"@graph\":[{\"@type\":\"WebPage\",\"@id\":\"https:\\\/\\\/gamersi.wedrowanie.org.pl\\\/index.php\\\/polityka-prywatnosci\\\/\",\"url\":\"https:\\\/\\\/gamersi.wedrowanie.org.pl\\\/index.php\\\/polityka-prywatnosci\\\/\",\"name\":\"Polityka prywatno\u015bci - GAMERSI.pl\",\"isPartOf\":{\"@id\":\"https:\\\/\\\/gamersi.wedrowanie.org.pl\\\/#website\"},\"datePublished\":\"2025-04-22T21:29:20+00:00\",\"dateModified\":\"2025-08-13T12:33:17+00:00\",\"breadcrumb\":{\"@id\":\"https:\\\/\\\/gamersi.wedrowanie.org.pl\\\/index.php\\\/polityka-prywatnosci\\\/#breadcrumb\"},\"inLanguage\":\"pl-PL\",\"potentialAction\":[{\"@type\":\"ReadAction\",\"target\":[\"https:\\\/\\\/gamersi.wedrowanie.org.pl\\\/index.php\\\/polityka-prywatnosci\\\/\"]}]},{\"@type\":\"BreadcrumbList\",\"@id\":\"https:\\\/\\\/gamersi.wedrowanie.org.pl\\\/index.php\\\/polityka-prywatnosci\\\/#breadcrumb\",\"itemListElement\":[{\"@type\":\"ListItem\",\"position\":1,\"name\":\"Strona g\u0142\u00f3wna\",\"item\":\"https:\\\/\\\/gamersi.wedrowanie.org.pl\\\/\"},{\"@type\":\"ListItem\",\"position\":2,\"name\":\"Polityka prywatno\u015bci\"}]},{\"@type\":\"WebSite\",\"@id\":\"https:\\\/\\\/gamersi.wedrowanie.org.pl\\\/#website\",\"url\":\"https:\\\/\\\/gamersi.wedrowanie.org.pl\\\/\",\"name\":\"Gamersi.dkonto.pl\",\"description\":\"\",\"publisher\":{\"@id\":\"https:\\\/\\\/gamersi.wedrowanie.org.pl\\\/#organization\"},\"potentialAction\":[{\"@type\":\"SearchAction\",\"target\":{\"@type\":\"EntryPoint\",\"urlTemplate\":\"https:\\\/\\\/gamersi.wedrowanie.org.pl\\\/?s={search_term_string}\"},\"query-input\":{\"@type\":\"PropertyValueSpecification\",\"valueRequired\":true,\"valueName\":\"search_term_string\"}}],\"inLanguage\":\"pl-PL\"},{\"@type\":\"Organization\",\"@id\":\"https:\\\/\\\/gamersi.wedrowanie.org.pl\\\/#organization\",\"name\":\"Gamersi.pl\",\"url\":\"https:\\\/\\\/gamersi.wedrowanie.org.pl\\\/\",\"logo\":{\"@type\":\"ImageObject\",\"inLanguage\":\"pl-PL\",\"@id\":\"https:\\\/\\\/gamersi.wedrowanie.org.pl\\\/#\\\/schema\\\/logo\\\/image\\\/\",\"url\":\"https:\\\/\\\/gamersi.wedrowanie.org.pl\\\/wp-content\\\/uploads\\\/2025\\\/08\\\/cropped-cropped-GAMERSI.pl-2.png.webp\",\"contentUrl\":\"https:\\\/\\\/gamersi.wedrowanie.org.pl\\\/wp-content\\\/uploads\\\/2025\\\/08\\\/cropped-cropped-GAMERSI.pl-2.png.webp\",\"width\":500,\"height\":447,\"caption\":\"Gamersi.pl\"},\"image\":{\"@id\":\"https:\\\/\\\/gamersi.wedrowanie.org.pl\\\/#\\\/schema\\\/logo\\\/image\\\/\"},\"sameAs\":[\"https:\\\/\\\/www.facebook.com\\\/gamersipl\"]}]}<\/script>\n<!-- \/ Yoast SEO plugin. -->","yoast_head_json":{"title":"Polityka prywatno\u015bci - GAMERSI.pl","robots":{"index":"index","follow":"follow","max-snippet":"max-snippet:-1","max-image-preview":"max-image-preview:large","max-video-preview":"max-video-preview:-1"},"canonical":"https:\/\/gamersi.wedrowanie.org.pl\/index.php\/polityka-prywatnosci\/","og_locale":"pl_PL","og_type":"article","og_title":"Polityka prywatno\u015bci - GAMERSI.pl","og_description":"Niniejsza Polityka stanowi podstawow\u0105 informacj\u0119 o celach, sposobach przetwarzania oraz bezpiecze\u0144stwie Twoich danych osobowych, jako u\u017cytkownika strony: gamersi.wedrowanie.org.pl (zwanej dalej Stron\u0105). Zapoznaj\u0105c si\u0119 z Polityk\u0105 prywatno\u015bci dowiesz si\u0119 kto jest administratorem Twoich danych osobowych, jakie dane osobowe s\u0105 przez Stron\u0119 zbierane, w jakich celach s\u0105 wykorzystywane oraz jak s\u0105 chronione. \u00a71. Informacje podstawowe \u00a72. Zasady...","og_url":"https:\/\/gamersi.wedrowanie.org.pl\/index.php\/polityka-prywatnosci\/","og_site_name":"GAMERSI.pl","article_publisher":"https:\/\/www.facebook.com\/gamersipl","article_modified_time":"2025-08-13T12:33:17+00:00","twitter_card":"summary_large_image","twitter_misc":{"Szacowany czas czytania":"8 minut"},"schema":{"@context":"https:\/\/schema.org","@graph":[{"@type":"WebPage","@id":"https:\/\/gamersi.wedrowanie.org.pl\/index.php\/polityka-prywatnosci\/","url":"https:\/\/gamersi.wedrowanie.org.pl\/index.php\/polityka-prywatnosci\/","name":"Polityka prywatno\u015bci - GAMERSI.pl","isPartOf":{"@id":"https:\/\/gamersi.wedrowanie.org.pl\/#website"},"datePublished":"2025-04-22T21:29:20+00:00","dateModified":"2025-08-13T12:33:17+00:00","breadcrumb":{"@id":"https:\/\/gamersi.wedrowanie.org.pl\/index.php\/polityka-prywatnosci\/#breadcrumb"},"inLanguage":"pl-PL","potentialAction":[{"@type":"ReadAction","target":["https:\/\/gamersi.wedrowanie.org.pl\/index.php\/polityka-prywatnosci\/"]}]},{"@type":"BreadcrumbList","@id":"https:\/\/gamersi.wedrowanie.org.pl\/index.php\/polityka-prywatnosci\/#breadcrumb","itemListElement":[{"@type":"ListItem","position":1,"name":"Strona g\u0142\u00f3wna","item":"https:\/\/gamersi.wedrowanie.org.pl\/"},{"@type":"ListItem","position":2,"name":"Polityka prywatno\u015bci"}]},{"@type":"WebSite","@id":"https:\/\/gamersi.wedrowanie.org.pl\/#website","url":"https:\/\/gamersi.wedrowanie.org.pl\/","name":"Gamersi.dkonto.pl","description":"","publisher":{"@id":"https:\/\/gamersi.wedrowanie.org.pl\/#organization"},"potentialAction":[{"@type":"SearchAction","target":{"@type":"EntryPoint","urlTemplate":"https:\/\/gamersi.wedrowanie.org.pl\/?s={search_term_string}"},"query-input":{"@type":"PropertyValueSpecification","valueRequired":true,"valueName":"search_term_string"}}],"inLanguage":"pl-PL"},{"@type":"Organization","@id":"https:\/\/gamersi.wedrowanie.org.pl\/#organization","name":"Gamersi.pl","url":"https:\/\/gamersi.wedrowanie.org.pl\/","logo":{"@type":"ImageObject","inLanguage":"pl-PL","@id":"https:\/\/gamersi.wedrowanie.org.pl\/#\/schema\/logo\/image\/","url":"https:\/\/gamersi.wedrowanie.org.pl\/wp-content\/uploads\/2025\/08\/cropped-cropped-GAMERSI.pl-2.png.webp","contentUrl":"https:\/\/gamersi.wedrowanie.org.pl\/wp-content\/uploads\/2025\/08\/cropped-cropped-GAMERSI.pl-2.png.webp","width":500,"height":447,"caption":"Gamersi.pl"},"image":{"@id":"https:\/\/gamersi.wedrowanie.org.pl\/#\/schema\/logo\/image\/"},"sameAs":["https:\/\/www.facebook.com\/gamersipl"]}]}},"_links":{"self":[{"href":"https:\/\/gamersi.wedrowanie.org.pl\/index.php\/wp-json\/wp\/v2\/pages\/3","targetHints":{"allow":["GET"]}}],"collection":[{"href":"https:\/\/gamersi.wedrowanie.org.pl\/index.php\/wp-json\/wp\/v2\/pages"}],"about":[{"href":"https:\/\/gamersi.wedrowanie.org.pl\/index.php\/wp-json\/wp\/v2\/types\/page"}],"author":[{"embeddable":true,"href":"https:\/\/gamersi.wedrowanie.org.pl\/index.php\/wp-json\/wp\/v2\/users\/1"}],"replies":[{"embeddable":true,"href":"https:\/\/gamersi.wedrowanie.org.pl\/index.php\/wp-json\/wp\/v2\/comments?post=3"}],"version-history":[{"count":2,"href":"https:\/\/gamersi.wedrowanie.org.pl\/index.php\/wp-json\/wp\/v2\/pages\/3\/revisions"}],"predecessor-version":[{"id":158,"href":"https:\/\/gamersi.wedrowanie.org.pl\/index.php\/wp-json\/wp\/v2\/pages\/3\/revisions\/158"}],"wp:attachment":[{"href":"https:\/\/gamersi.wedrowanie.org.pl\/index.php\/wp-json\/wp\/v2\/media?parent=3"}],"curies":[{"name":"wp","href":"https:\/\/api.w.org\/{rel}","templated":true}]}}