{"id":159,"date":"2025-08-13T14:35:41","date_gmt":"2025-08-13T12:35:41","guid":{"rendered":"https:\/\/gamersi.dkonto.pl\/?page_id=159"},"modified":"2025-08-14T13:43:30","modified_gmt":"2025-08-14T11:43:30","slug":"regulamin-wypozyczalni-gier-planszowych-gamersi-pl","status":"publish","type":"page","link":"https:\/\/gamersi.wedrowanie.org.pl\/index.php\/regulamin-wypozyczalni-gier-planszowych-gamersi-pl\/","title":{"rendered":"Regulamin Wypo\u017cyczalni Gier Planszowych GAMERSI.pl"},"content":{"rendered":"<style>.kb-row-layout-id159_6b914d-26 > .kt-row-column-wrap{align-content:center;}:where(.kb-row-layout-id159_6b914d-26 > .kt-row-column-wrap) > .wp-block-kadence-column{justify-content:center;}.kb-row-layout-id159_6b914d-26 > .kt-row-column-wrap{column-gap:var(--global-kb-gap-md, 2rem);row-gap:var(--global-kb-gap-md, 2rem);max-width:var( --global-content-width, 1290px );padding-left:var(--global-content-edge-padding);padding-right:var(--global-content-edge-padding);padding-top:var(--global-kb-spacing-5xl, 10rem);padding-bottom:var(--global-kb-spacing-5xl, 10rem);min-height:670px;grid-template-columns:minmax(0, 1fr);}.kb-row-layout-id159_6b914d-26{background-image:url('https:\/\/gamersi.dkonto.pl\/wp-content\/uploads\/2025\/08\/cropped-gry-na-polce-1.webp');background-size:cover;background-position:center center;background-attachment:scroll;background-repeat:no-repeat;}.kb-row-layout-id159_6b914d-26 > .kt-row-layout-overlay{opacity:0.87;background:linear-gradient(287deg,var(--global-palette8,#F7FAFC) 36%,rgba(247,250,252,0) 100%);}@media all and (max-width: 1024px){.kb-row-layout-id159_6b914d-26 > .kt-row-column-wrap{padding-top:var(--global-kb-spacing-3xl, 6.5rem);padding-bottom:var(--global-kb-spacing-3xl, 6.5rem);min-height:600px;grid-template-columns:minmax(0, 1fr);}}@media all and (max-width: 1024px){.kb-row-layout-id159_6b914d-26 > .kt-row-layout-overlay{opacity:0.90;background:linear-gradient(180deg,var(--global-palette8,#F7FAFC) 53%,rgba(247,250,252,0) 100%);}}@media all and (max-width: 767px){.kb-row-layout-id159_6b914d-26 > .kt-row-column-wrap{padding-top:var(--global-kb-spacing-lg, 3rem);padding-bottom:var(--global-kb-spacing-lg, 3rem);grid-template-columns:minmax(0, 1fr);}.kb-row-layout-id159_6b914d-26 > .kt-row-layout-overlay{opacity:0.90;background:linear-gradient(180deg,var(--global-palette8,#F7FAFC) 61%,rgba(247,250,252,0) 100%);}}<\/style><div class=\"kb-row-layout-wrap kb-row-layout-id159_6b914d-26 alignfull kt-row-has-bg wp-block-kadence-rowlayout\"><div class=\"kt-row-layout-overlay kt-row-overlay-gradient\"><\/div><div class=\"kt-row-column-wrap kt-has-1-columns kt-row-layout-equal kt-tab-layout-inherit kt-mobile-layout-row kt-row-valign-middle kb-theme-content-width\">\n<style>.kadence-column159_6109ee-c1 > .kt-inside-inner-col,.kadence-column159_6109ee-c1 > .kt-inside-inner-col:before{border-top-left-radius:0px;border-top-right-radius:0px;border-bottom-right-radius:0px;border-bottom-left-radius:0px;}.kadence-column159_6109ee-c1 > .kt-inside-inner-col{column-gap:var(--global-kb-gap-sm, 1rem);}.kadence-column159_6109ee-c1 > .kt-inside-inner-col{flex-direction:column;}.kadence-column159_6109ee-c1 > .kt-inside-inner-col > .aligncenter{width:100%;}.kadence-column159_6109ee-c1 > .kt-inside-inner-col:before{opacity:0.3;}.kadence-column159_6109ee-c1{position:relative;}@media all and (max-width: 1024px){.kadence-column159_6109ee-c1{text-align:center;}}@media all and (max-width: 1024px){.kadence-column159_6109ee-c1 > .kt-inside-inner-col{flex-direction:column;justify-content:center;}}@media all and (max-width: 767px){.kadence-column159_6109ee-c1 > .kt-inside-inner-col{flex-direction:column;justify-content:center;}}<\/style>\n<div class=\"wp-block-kadence-column kadence-column159_6109ee-c1 kb-section-dir-vertical inner-column-1\"><div class=\"kt-inside-inner-col\"><style>.wp-block-kadence-advancedheading.kt-adv-heading159_5cdd86-d7, .wp-block-kadence-advancedheading.kt-adv-heading159_5cdd86-d7[data-kb-block=\"kb-adv-heading159_5cdd86-d7\"]{margin-bottom:var(--global-kb-spacing-lg, 3rem);text-align:right;font-size:var(--global-kb-font-size-xl, 3rem);line-height:1.2;font-style:normal;color:#545454;}.wp-block-kadence-advancedheading.kt-adv-heading159_5cdd86-d7 mark.kt-highlight, .wp-block-kadence-advancedheading.kt-adv-heading159_5cdd86-d7[data-kb-block=\"kb-adv-heading159_5cdd86-d7\"] mark.kt-highlight{font-style:normal;color:#f76a0c;-webkit-box-decoration-break:clone;box-decoration-break:clone;padding-top:0px;padding-right:0px;padding-bottom:0px;padding-left:0px;}.wp-block-kadence-advancedheading.kt-adv-heading159_5cdd86-d7 img.kb-inline-image, .wp-block-kadence-advancedheading.kt-adv-heading159_5cdd86-d7[data-kb-block=\"kb-adv-heading159_5cdd86-d7\"] img.kb-inline-image{width:150px;vertical-align:baseline;}@media all and (max-width: 1024px){.wp-block-kadence-advancedheading.kt-adv-heading159_5cdd86-d7, .wp-block-kadence-advancedheading.kt-adv-heading159_5cdd86-d7[data-kb-block=\"kb-adv-heading159_5cdd86-d7\"]{text-align:center!important;}}<\/style>\n<h1 class=\"kt-adv-heading159_5cdd86-d7 wp-block-kadence-advancedheading\" data-kb-block=\"kb-adv-heading159_5cdd86-d7\">GAMERSI.pl<br>Nasz regulamin<\/h1>\n\n\n<style>.wp-block-kadence-advancedheading.kt-adv-heading159_dbd332-2c, .wp-block-kadence-advancedheading.kt-adv-heading159_dbd332-2c[data-kb-block=\"kb-adv-heading159_dbd332-2c\"]{text-align:right;font-size:var(--global-kb-font-size-lg, 2rem);font-style:normal;color:#545454;}.wp-block-kadence-advancedheading.kt-adv-heading159_dbd332-2c mark.kt-highlight, .wp-block-kadence-advancedheading.kt-adv-heading159_dbd332-2c[data-kb-block=\"kb-adv-heading159_dbd332-2c\"] mark.kt-highlight{font-style:normal;color:#f76a0c;-webkit-box-decoration-break:clone;box-decoration-break:clone;padding-top:0px;padding-right:0px;padding-bottom:0px;padding-left:0px;}.wp-block-kadence-advancedheading.kt-adv-heading159_dbd332-2c img.kb-inline-image, .wp-block-kadence-advancedheading.kt-adv-heading159_dbd332-2c[data-kb-block=\"kb-adv-heading159_dbd332-2c\"] img.kb-inline-image{width:150px;vertical-align:baseline;}@media all and (max-width: 1024px){.wp-block-kadence-advancedheading.kt-adv-heading159_dbd332-2c, .wp-block-kadence-advancedheading.kt-adv-heading159_dbd332-2c[data-kb-block=\"kb-adv-heading159_dbd332-2c\"]{text-align:center!important;}}<\/style>\n<p class=\"kt-adv-heading159_dbd332-2c wp-block-kadence-advancedheading\" data-kb-block=\"kb-adv-heading159_dbd332-2c\">Przeczytaj jakie zasady <br>obowi\u0105zuj\u0105 u nas<\/p>\n<\/div><\/div>\n\n<\/div><\/div>\n\n\n<p><\/p>\n\n\n\n<p>Regulamin wypo\u017cyczalni GAMERSI.pl ustala zasady korzystania z Wypo\u017cyczalni Gier Planszowych w Poznaniu przy ul. Romka Strza\u0142kowskiego 10, zwanej dalej Wypo\u017cyczalni\u0105.\u00a0<\/p>\n\n\n\n<p>Zapisu do Wypo\u017cyczalni dokonuje jej Obs\u0142uga przy pierwszym wypo\u017cyczeniu, na podstawie wa\u017cnego dokumentu to\u017csamo\u015bci ze zdj\u0119ciem (dowodu osobistego, prawa jazdy, paszportu). W przypadku os\u00f3b niepe\u0142noletnich wymagana jest pisemna zgoda rodzica lub opiekuna prawnego.<\/p>\n\n\n\n<p>Z Wypo\u017cyczalni mog\u0105 korzysta\u0107 wszystkie osoby, kt\u00f3re zapisz\u0105 si\u0119 do niej lub wst\u0105pi\u0105 do klubu gamersi.wedrowanie.org.pl oraz zapoznaj\u0105 si\u0119 z niniejszym Regulaminem i zaakceptuj\u0105 go.<\/p>\n\n\n\n<h4 class=\"wp-block-heading\"><strong>Zasady wypo\u017cyczania gier dla os\u00f3b niezrzeszonych w klubie gamersi.wedrowanie.org.pl:<\/strong><\/h4>\n\n\n\n<ul class=\"wp-block-list\">\n<li><strong>Cena wypo\u017cyczenia to 7% warto\u015bci gry za sta\u0142y okres 3 dni (nieliczony jest dzie\u0144 rozpoczynaj\u0105cy wypo\u017cyczenie).&nbsp;Klient mo\u017ce wypo\u017cyczenie przed\u0142u\u017cy\u0107 na kolejne 3 dni o nast\u0119pne 7% warto\u015bci gry.<\/strong><\/li>\n\n\n\n<li><strong>Warto\u015b\u0107 gry jest ustalana na podstawie aktualnego cennika gier dost\u0119pnego w sklepie gamersi.wedrowanie.org.pl&nbsp;(nie obowi\u0105zuj\u0105 ceny promocyjne).<\/strong><\/li>\n\n\n\n<li><strong>Op\u0142ata za wypo\u017cyczenie gry pobierana jest przy jej zwrocie.<\/strong><\/li>\n\n\n\n<li><strong>Pojedynczy okres wypo\u017cyczenia gry jest sta\u0142y i wynosi 3 dni.<\/strong><\/li>\n\n\n\n<li><strong>Klient mo\u017ce jednorazowo wypo\u017cyczy\u0107 dowoln\u0105 liczb\u0119 gier.<\/strong><\/li>\n<\/ul>\n\n\n\n<h4 class=\"wp-block-heading\">Z<strong>asady wypo\u017cyczania gier dla Cz\u0142onk\u00f3w Klubu gamersi.wedrowanie.org.pl:<\/strong><\/h4>\n\n\n\n<ul class=\"wp-block-list\">\n<li><strong>Ka\u017cda osoba mo\u017ce zosta\u0107 cz\u0142onkiem klubu gamersi.wedrowanie.org.pl przez op\u0142acenie jednorazowo rocznej sk\u0142adki cz\u0142onkowskiej w wysoko\u015bci zale\u017cnej od wybranego pakietu:<\/strong><\/li>\n\n\n\n<li><strong>STANDARD \u2013 8,5 z\u0142\/miesi\u0105c (BEZP\u0141ATNE wypo\u017cyczenie 30 gier w ci\u0105gu 12 miesi\u0119cy cz\u0142onkostwa).<\/strong><\/li>\n\n\n\n<li><strong>GOLD \u2013 12 z\u0142\/miesi\u0105c (BEZP\u0141ATNE wypo\u017cyczenie 60 gier w ci\u0105gu 12 miesi\u0119cy cz\u0142onkostwa).<\/strong><\/li>\n\n\n\n<li><strong>PLATINUM \u2013 20 z\u0142\/miesi\u0105c (BEZP\u0141ATNE wypo\u017cyczenie 100 gier w ci\u0105gu 12 miesi\u0119cy cz\u0142onkostwa).<\/strong><\/li>\n\n\n\n<li><strong>Minimalny okres cz\u0142onkostwa w klubie to 12 miesi\u0119cy.&nbsp;Cz\u0142onkostwo w klubie nie jest automatycznie odnawiane.<\/strong><\/li>\n\n\n\n<li><strong>Pojedynczy okres wypo\u017cyczenia gry jest sta\u0142y i wynosi 3 dni.<\/strong><\/li>\n\n\n\n<li><strong>Cz\u0142onek Klubu jednorazowo mo\u017ce wypo\u017cyczy\u0107 3 gry.<\/strong><\/li>\n<\/ul>\n\n\n\n<p>Ka\u017cdorazowe wypo\u017cyczenie gry, zwi\u0105zane jest z uiszczeniem kaucji zwrotnej, w wysoko\u015bci nie przekraczaj\u0105cej 100% ceny gry zgodnej z aktualnym cennikiem gier, dost\u0119pnym w sklepie gamersi.wedrowanie.org.pl&nbsp;(nie obowi\u0105zuj\u0105 ceny promocyjne).<\/p>\n\n\n\n<p>Kaucja podlega zwrotowi w chwili terminowego zwrotu gry, w stanie nie gorszym ni\u017c w momencie wypo\u017cyczenia. W przypadku uszkodzenia gry, kaucja nie jest zwracana, a gra przechodzi na w\u0142asno\u015b\u0107 klienta.&nbsp;W przypadku zagubienia gry, kaucja nie jest zwracana.<\/p>\n\n\n\n<p>W uzasadnionych przypadkach Obs\u0142uga Wypo\u017cyczalni ma prawo odm\u00f3wi\u0107 wypo\u017cyczenia gry lub ograniczy\u0107 liczb\u0119 gier wypo\u017cyczanych w tym samym czasie jednemu Wypo\u017cyczaj\u0105cemu, je\u017celi na jego koncie przetrzymywane s\u0105 ju\u017c jakie\u015b gry lub je\u017celi klient nie uregulowa\u0142 jakichkolwiek op\u0142at.<\/p>\n\n\n\n<p>&nbsp;Gdy dana gra jest dost\u0119pna w Wypo\u017cyczalni, mo\u017cna j\u0105 zarezerwowa\u0107.&nbsp;Rezerwacji dokonuje si\u0119 poprzez kontakt telefoniczny z Wypo\u017cyczalni\u0105 lub osobi\u015bcie. Rezerwacja jest uwa\u017cana za dokonan\u0105 w momencie potwierdzenia przyj\u0119cia zam\u00f3wienia przez Obs\u0142ug\u0119.&nbsp;<\/p>\n\n\n\n<p>Wszelkie zmiany niniejszego Regulaminu, wynikaj\u0105ce z obowi\u0105zku dostosowania do aktualnie obowi\u0105zuj\u0105cych przepis\u00f3w prawa lub ze zmian w dzia\u0142alno\u015bci Wypo\u017cyczalni, obowi\u0105zuj\u0105 od dnia ich opublikowania. Publikacja nast\u0105pi w widocznym miejscu na terenie Wypo\u017cyczalni i na stronie internetowej&nbsp;<a href=\"https:\/\/gamersi.wedrowanie.org.pl\/\">https:\/\/gamersi.wedrowanie.org.pl<\/a>.&nbsp;<\/p>\n\n\n\n<p>Dane osobowe Klient\u00f3w przekazywane Wypo\u017cyczalni w momencie rejestracji s\u0105 przetwarzane zgodnie z ustaw\u0105 z dnia 29 sierpnia 1997 r. o ochronie danych osobowych (Dz. U. Nr 133, poz. 883 z p\u00f3\u017an. zm.). Dane osobowe Klienta wykorzystywane s\u0105 jedynie w celu realizacji us\u0142ug wypo\u017cyczania gier i nie b\u0119d\u0105 udost\u0119pniane \u017cadnym innym podmiotom ani osobom. Wypo\u017cyczaj\u0105cy ma prawo do dost\u0119pu do tre\u015bci swoich danych i ich poprawiania i aktualizowania. Wypo\u017cyczaj\u0105cy ma prawo w dowolnym momencie za\u017c\u0105da\u0107 usuni\u0119cia z bazy jego danych, co jest r\u00f3wnoznaczne z wypisaniem z Wypo\u017cyczalni.<\/p>\n\n\n\n<p><\/p>\n","protected":false},"excerpt":{"rendered":"<p>GAMERSI.plNasz regulamin Przeczytaj jakie zasady obowi\u0105zuj\u0105 u nas Regulamin wypo\u017cyczalni GAMERSI.pl ustala zasady korzystania z Wypo\u017cyczalni Gier Planszowych w Poznaniu przy ul. Romka Strza\u0142kowskiego 10, zwanej dalej Wypo\u017cyczalni\u0105.\u00a0 Zapisu do Wypo\u017cyczalni dokonuje jej Obs\u0142uga przy pierwszym wypo\u017cyczeniu, na podstawie wa\u017cnego dokumentu to\u017csamo\u015bci ze zdj\u0119ciem (dowodu osobistego, prawa jazdy, paszportu). W przypadku os\u00f3b niepe\u0142noletnich wymagana jest&#8230;<\/p>\n","protected":false},"author":2,"featured_media":0,"parent":0,"menu_order":0,"comment_status":"closed","ping_status":"closed","template":"","meta":{"_kadence_starter_templates_imported_post":false,"_kad_post_transparent":"disable","_kad_post_title":"hide","_kad_post_layout":"fullwidth","_kad_post_sidebar_id":"","_kad_post_content_style":"unboxed","_kad_post_vertical_padding":"","_kad_post_feature":"","_kad_post_feature_position":"","_kad_post_header":false,"_kad_post_footer":false,"_kad_post_classname":"","footnotes":""},"class_list":["post-159","page","type-page","status-publish","hentry"],"yoast_head":"<!-- This site is optimized with the Yoast SEO plugin v27.5 - https:\/\/yoast.com\/product\/yoast-seo-wordpress\/ -->\n<title>Regulamin Wypo\u017cyczalni Gier Planszowych GAMERSI.pl - GAMERSI.pl<\/title>\n<meta name=\"robots\" content=\"index, follow, max-snippet:-1, max-image-preview:large, max-video-preview:-1\" \/>\n<link rel=\"canonical\" href=\"https:\/\/gamersi.wedrowanie.org.pl\/index.php\/regulamin-wypozyczalni-gier-planszowych-gamersi-pl\/\" \/>\n<meta property=\"og:locale\" content=\"pl_PL\" \/>\n<meta property=\"og:type\" content=\"article\" \/>\n<meta property=\"og:title\" content=\"Regulamin Wypo\u017cyczalni Gier Planszowych GAMERSI.pl - GAMERSI.pl\" \/>\n<meta property=\"og:description\" content=\"GAMERSI.plNasz regulamin Przeczytaj jakie zasady obowi\u0105zuj\u0105 u nas Regulamin wypo\u017cyczalni GAMERSI.pl ustala zasady korzystania z Wypo\u017cyczalni Gier Planszowych w Poznaniu przy ul. Romka Strza\u0142kowskiego 10, zwanej dalej Wypo\u017cyczalni\u0105.\u00a0 Zapisu do Wypo\u017cyczalni dokonuje jej Obs\u0142uga przy pierwszym wypo\u017cyczeniu, na podstawie wa\u017cnego dokumentu to\u017csamo\u015bci ze zdj\u0119ciem (dowodu osobistego, prawa jazdy, paszportu). W przypadku os\u00f3b niepe\u0142noletnich wymagana jest...\" \/>\n<meta property=\"og:url\" content=\"https:\/\/gamersi.wedrowanie.org.pl\/index.php\/regulamin-wypozyczalni-gier-planszowych-gamersi-pl\/\" \/>\n<meta property=\"og:site_name\" content=\"GAMERSI.pl\" \/>\n<meta property=\"article:publisher\" content=\"https:\/\/www.facebook.com\/gamersipl\" \/>\n<meta property=\"article:modified_time\" content=\"2025-08-14T11:43:30+00:00\" \/>\n<meta name=\"twitter:card\" content=\"summary_large_image\" \/>\n<meta name=\"twitter:label1\" content=\"Szacowany czas czytania\" \/>\n\t<meta name=\"twitter:data1\" content=\"4 minuty\" \/>\n<script type=\"application\/ld+json\" class=\"yoast-schema-graph\">{\"@context\":\"https:\\\/\\\/schema.org\",\"@graph\":[{\"@type\":\"WebPage\",\"@id\":\"https:\\\/\\\/gamersi.wedrowanie.org.pl\\\/index.php\\\/regulamin-wypozyczalni-gier-planszowych-gamersi-pl\\\/\",\"url\":\"https:\\\/\\\/gamersi.wedrowanie.org.pl\\\/index.php\\\/regulamin-wypozyczalni-gier-planszowych-gamersi-pl\\\/\",\"name\":\"Regulamin Wypo\u017cyczalni Gier Planszowych GAMERSI.pl - GAMERSI.pl\",\"isPartOf\":{\"@id\":\"https:\\\/\\\/gamersi.wedrowanie.org.pl\\\/#website\"},\"datePublished\":\"2025-08-13T12:35:41+00:00\",\"dateModified\":\"2025-08-14T11:43:30+00:00\",\"breadcrumb\":{\"@id\":\"https:\\\/\\\/gamersi.wedrowanie.org.pl\\\/index.php\\\/regulamin-wypozyczalni-gier-planszowych-gamersi-pl\\\/#breadcrumb\"},\"inLanguage\":\"pl-PL\",\"potentialAction\":[{\"@type\":\"ReadAction\",\"target\":[\"https:\\\/\\\/gamersi.wedrowanie.org.pl\\\/index.php\\\/regulamin-wypozyczalni-gier-planszowych-gamersi-pl\\\/\"]}]},{\"@type\":\"BreadcrumbList\",\"@id\":\"https:\\\/\\\/gamersi.wedrowanie.org.pl\\\/index.php\\\/regulamin-wypozyczalni-gier-planszowych-gamersi-pl\\\/#breadcrumb\",\"itemListElement\":[{\"@type\":\"ListItem\",\"position\":1,\"name\":\"Strona g\u0142\u00f3wna\",\"item\":\"https:\\\/\\\/gamersi.wedrowanie.org.pl\\\/\"},{\"@type\":\"ListItem\",\"position\":2,\"name\":\"Regulamin Wypo\u017cyczalni Gier Planszowych GAMERSI.pl\"}]},{\"@type\":\"WebSite\",\"@id\":\"https:\\\/\\\/gamersi.wedrowanie.org.pl\\\/#website\",\"url\":\"https:\\\/\\\/gamersi.wedrowanie.org.pl\\\/\",\"name\":\"Gamersi.dkonto.pl\",\"description\":\"\",\"publisher\":{\"@id\":\"https:\\\/\\\/gamersi.wedrowanie.org.pl\\\/#organization\"},\"potentialAction\":[{\"@type\":\"SearchAction\",\"target\":{\"@type\":\"EntryPoint\",\"urlTemplate\":\"https:\\\/\\\/gamersi.wedrowanie.org.pl\\\/?s={search_term_string}\"},\"query-input\":{\"@type\":\"PropertyValueSpecification\",\"valueRequired\":true,\"valueName\":\"search_term_string\"}}],\"inLanguage\":\"pl-PL\"},{\"@type\":\"Organization\",\"@id\":\"https:\\\/\\\/gamersi.wedrowanie.org.pl\\\/#organization\",\"name\":\"Gamersi.pl\",\"url\":\"https:\\\/\\\/gamersi.wedrowanie.org.pl\\\/\",\"logo\":{\"@type\":\"ImageObject\",\"inLanguage\":\"pl-PL\",\"@id\":\"https:\\\/\\\/gamersi.wedrowanie.org.pl\\\/#\\\/schema\\\/logo\\\/image\\\/\",\"url\":\"https:\\\/\\\/gamersi.wedrowanie.org.pl\\\/wp-content\\\/uploads\\\/2025\\\/08\\\/cropped-cropped-GAMERSI.pl-2.png.webp\",\"contentUrl\":\"https:\\\/\\\/gamersi.wedrowanie.org.pl\\\/wp-content\\\/uploads\\\/2025\\\/08\\\/cropped-cropped-GAMERSI.pl-2.png.webp\",\"width\":500,\"height\":447,\"caption\":\"Gamersi.pl\"},\"image\":{\"@id\":\"https:\\\/\\\/gamersi.wedrowanie.org.pl\\\/#\\\/schema\\\/logo\\\/image\\\/\"},\"sameAs\":[\"https:\\\/\\\/www.facebook.com\\\/gamersipl\"]}]}<\/script>\n<!-- \/ Yoast SEO plugin. -->","yoast_head_json":{"title":"Regulamin Wypo\u017cyczalni Gier Planszowych GAMERSI.pl - GAMERSI.pl","robots":{"index":"index","follow":"follow","max-snippet":"max-snippet:-1","max-image-preview":"max-image-preview:large","max-video-preview":"max-video-preview:-1"},"canonical":"https:\/\/gamersi.wedrowanie.org.pl\/index.php\/regulamin-wypozyczalni-gier-planszowych-gamersi-pl\/","og_locale":"pl_PL","og_type":"article","og_title":"Regulamin Wypo\u017cyczalni Gier Planszowych GAMERSI.pl - GAMERSI.pl","og_description":"GAMERSI.plNasz regulamin Przeczytaj jakie zasady obowi\u0105zuj\u0105 u nas Regulamin wypo\u017cyczalni GAMERSI.pl ustala zasady korzystania z Wypo\u017cyczalni Gier Planszowych w Poznaniu przy ul. Romka Strza\u0142kowskiego 10, zwanej dalej Wypo\u017cyczalni\u0105.\u00a0 Zapisu do Wypo\u017cyczalni dokonuje jej Obs\u0142uga przy pierwszym wypo\u017cyczeniu, na podstawie wa\u017cnego dokumentu to\u017csamo\u015bci ze zdj\u0119ciem (dowodu osobistego, prawa jazdy, paszportu). W przypadku os\u00f3b niepe\u0142noletnich wymagana jest...","og_url":"https:\/\/gamersi.wedrowanie.org.pl\/index.php\/regulamin-wypozyczalni-gier-planszowych-gamersi-pl\/","og_site_name":"GAMERSI.pl","article_publisher":"https:\/\/www.facebook.com\/gamersipl","article_modified_time":"2025-08-14T11:43:30+00:00","twitter_card":"summary_large_image","twitter_misc":{"Szacowany czas czytania":"4 minuty"},"schema":{"@context":"https:\/\/schema.org","@graph":[{"@type":"WebPage","@id":"https:\/\/gamersi.wedrowanie.org.pl\/index.php\/regulamin-wypozyczalni-gier-planszowych-gamersi-pl\/","url":"https:\/\/gamersi.wedrowanie.org.pl\/index.php\/regulamin-wypozyczalni-gier-planszowych-gamersi-pl\/","name":"Regulamin Wypo\u017cyczalni Gier Planszowych GAMERSI.pl - GAMERSI.pl","isPartOf":{"@id":"https:\/\/gamersi.wedrowanie.org.pl\/#website"},"datePublished":"2025-08-13T12:35:41+00:00","dateModified":"2025-08-14T11:43:30+00:00","breadcrumb":{"@id":"https:\/\/gamersi.wedrowanie.org.pl\/index.php\/regulamin-wypozyczalni-gier-planszowych-gamersi-pl\/#breadcrumb"},"inLanguage":"pl-PL","potentialAction":[{"@type":"ReadAction","target":["https:\/\/gamersi.wedrowanie.org.pl\/index.php\/regulamin-wypozyczalni-gier-planszowych-gamersi-pl\/"]}]},{"@type":"BreadcrumbList","@id":"https:\/\/gamersi.wedrowanie.org.pl\/index.php\/regulamin-wypozyczalni-gier-planszowych-gamersi-pl\/#breadcrumb","itemListElement":[{"@type":"ListItem","position":1,"name":"Strona g\u0142\u00f3wna","item":"https:\/\/gamersi.wedrowanie.org.pl\/"},{"@type":"ListItem","position":2,"name":"Regulamin Wypo\u017cyczalni Gier Planszowych GAMERSI.pl"}]},{"@type":"WebSite","@id":"https:\/\/gamersi.wedrowanie.org.pl\/#website","url":"https:\/\/gamersi.wedrowanie.org.pl\/","name":"Gamersi.dkonto.pl","description":"","publisher":{"@id":"https:\/\/gamersi.wedrowanie.org.pl\/#organization"},"potentialAction":[{"@type":"SearchAction","target":{"@type":"EntryPoint","urlTemplate":"https:\/\/gamersi.wedrowanie.org.pl\/?s={search_term_string}"},"query-input":{"@type":"PropertyValueSpecification","valueRequired":true,"valueName":"search_term_string"}}],"inLanguage":"pl-PL"},{"@type":"Organization","@id":"https:\/\/gamersi.wedrowanie.org.pl\/#organization","name":"Gamersi.pl","url":"https:\/\/gamersi.wedrowanie.org.pl\/","logo":{"@type":"ImageObject","inLanguage":"pl-PL","@id":"https:\/\/gamersi.wedrowanie.org.pl\/#\/schema\/logo\/image\/","url":"https:\/\/gamersi.wedrowanie.org.pl\/wp-content\/uploads\/2025\/08\/cropped-cropped-GAMERSI.pl-2.png.webp","contentUrl":"https:\/\/gamersi.wedrowanie.org.pl\/wp-content\/uploads\/2025\/08\/cropped-cropped-GAMERSI.pl-2.png.webp","width":500,"height":447,"caption":"Gamersi.pl"},"image":{"@id":"https:\/\/gamersi.wedrowanie.org.pl\/#\/schema\/logo\/image\/"},"sameAs":["https:\/\/www.facebook.com\/gamersipl"]}]}},"_links":{"self":[{"href":"https:\/\/gamersi.wedrowanie.org.pl\/index.php\/wp-json\/wp\/v2\/pages\/159","targetHints":{"allow":["GET"]}}],"collection":[{"href":"https:\/\/gamersi.wedrowanie.org.pl\/index.php\/wp-json\/wp\/v2\/pages"}],"about":[{"href":"https:\/\/gamersi.wedrowanie.org.pl\/index.php\/wp-json\/wp\/v2\/types\/page"}],"author":[{"embeddable":true,"href":"https:\/\/gamersi.wedrowanie.org.pl\/index.php\/wp-json\/wp\/v2\/users\/2"}],"replies":[{"embeddable":true,"href":"https:\/\/gamersi.wedrowanie.org.pl\/index.php\/wp-json\/wp\/v2\/comments?post=159"}],"version-history":[{"count":7,"href":"https:\/\/gamersi.wedrowanie.org.pl\/index.php\/wp-json\/wp\/v2\/pages\/159\/revisions"}],"predecessor-version":[{"id":202,"href":"https:\/\/gamersi.wedrowanie.org.pl\/index.php\/wp-json\/wp\/v2\/pages\/159\/revisions\/202"}],"wp:attachment":[{"href":"https:\/\/gamersi.wedrowanie.org.pl\/index.php\/wp-json\/wp\/v2\/media?parent=159"}],"curies":[{"name":"wp","href":"https:\/\/api.w.org\/{rel}","templated":true}]}}